{"id":339,"date":"2020-05-14T15:16:24","date_gmt":"2020-05-14T13:16:24","guid":{"rendered":"https:\/\/www.avant-pays-savoyard.com\/smaps\/?page_id=339"},"modified":"2020-11-24T17:27:18","modified_gmt":"2020-11-24T16:27:18","slug":"amenagement","status":"publish","type":"page","link":"https:\/\/www.avant-pays-savoyard.com\/smaps\/amenagement\/","title":{"rendered":"Am\u00e9nagement du territoire"},"content":{"rendered":"[et_pb_section fb_built=\u00a0\u00bb1&Prime; _builder_version=\u00a0\u00bb4.7.2&Prime; custom_margin=\u00a0\u00bb0px||0px||false|false\u00a0\u00bb custom_padding=\u00a0\u00bb0px||0px||false|false\u00a0\u00bb][et_pb_row _builder_version=\u00a0\u00bb4.7.2&Prime; width=\u00a0\u00bb100%\u00a0\u00bb max_width=\u00a0\u00bb100%\u00a0\u00bb custom_margin=\u00a0\u00bb0px||0px||false|false\u00a0\u00bb custom_padding=\u00a0\u00bb0px||0px||false|false\u00a0\u00bb][et_pb_column type=\u00a0\u00bb4_4&Prime; _builder_version=\u00a0\u00bb4.7.2&Prime; custom_padding=\u00a0\u00bb0px||0px||false|false\u00a0\u00bb][et_pb_image src=\u00a0\u00bbhttps:\/\/www.avant-pays-savoyard.com\/smaps\/wp-content\/uploads\/2020\/06\/bannere_presentation_generale.png\u00a0\u00bb alt=\u00a0\u00bbbanni\u00e8re smaps\u00a0\u00bb title_text=\u00a0\u00bbbannere_presentation_generale\u00a0\u00bb show_bottom_space=\u00a0\u00bboff\u00a0\u00bb _builder_version=\u00a0\u00bb4.7.2&Prime; custom_margin=\u00a0\u00bb0px||0px||false|false\u00a0\u00bb custom_padding=\u00a0\u00bb0px||0px||false|false\u00a0\u00bb hover_enabled=\u00a0\u00bb0&Prime; sticky_enabled=\u00a0\u00bb0&Prime;][\/et_pb_image][\/et_pb_column][\/et_pb_row][\/et_pb_section][et_pb_section fb_built=\u00a0\u00bb1&Prime; _builder_version=\u00a0\u00bb4.4.5&Prime; background_color=\u00a0\u00bb#fbfdfe\u00a0\u00bb][et_pb_row _builder_version=\u00a0\u00bb4.7.2&Prime; custom_margin=\u00a0\u00bb10px||||false|false\u00a0\u00bb hover_enabled=\u00a0\u00bb0&Prime; custom_padding=\u00a0\u00bb10px||||false|false\u00a0\u00bb sticky_enabled=\u00a0\u00bb0&Prime;][et_pb_column type=\u00a0\u00bb4_4&Prime; _builder_version=\u00a0\u00bb4.4.5&Prime;][et_pb_post_title meta=\u00a0\u00bboff\u00a0\u00bb featured_image=\u00a0\u00bboff\u00a0\u00bb _builder_version=\u00a0\u00bb4.4.5&Prime; title_font=\u00a0\u00bbInter|700|||||||\u00a0\u00bb title_text_color=\u00a0\u00bb#010101&Prime; title_font_size=\u00a0\u00bb32px\u00a0\u00bb custom_margin=\u00a0\u00bb||-18px|||\u00a0\u00bb][\/et_pb_post_title][et_pb_text _builder_version=\u00a0\u00bb4.4.5&Prime; custom_margin=\u00a0\u00bb-1px||-1px||true|false\u00a0\u00bb custom_padding=\u00a0\u00bb0px||0px||true|false\u00a0\u00bb]\n<div class=\"et_pb_with_border et_pb_module et_pb_testimonial et_pb_testimonial_0 clearfix  et_pb_text_align_left et_pb_bg_layout_light et_pb_icon_off et_pb_testimonial_no_image et_pb_testimonial_no_bg\">\n<div class=\"et_pb_testimonial_description\">\n<div class=\"et_pb_testimonial_description_inner\">\n<div class=\"et_pb_testimonial_content\">\n<p>Ce domaine concerne l&rsquo;\u00e9laboration et la mise en oeuvre du SCOT (Sch\u00e9ma de Coh\u00e9rence Territoriale), l&rsquo;accompagnement des d\u00e9marches de planification et d&rsquo;urbanisme (PLU, habitat, zones d&rsquo;activit\u00e9s&#8230;), le suivi de la consommation du foncier, mais aussi d&rsquo;autres th\u00e9matiques telles que la mobilit\u00e9 avec la r\u00e9alisation d&rsquo;un sch\u00e9ma directeur cyclable.<\/p>\n<\/div>\n<\/div>\n<\/div>\n<\/div>\n[\/et_pb_text][\/et_pb_column][\/et_pb_row][et_pb_row column_structure=\u00a0\u00bb1_3,1_3,1_3&Prime; _builder_version=\u00a0\u00bb4.4.5&Prime; custom_margin=\u00a0\u00bb-36px|auto|0px|auto|false|false\u00a0\u00bb custom_padding=\u00a0\u00bb0px||0px||false|false\u00a0\u00bb transform_styles__hover_enabled=\u00a0\u00bbon|hover\u00a0\u00bb transform_scale__hover_enabled=\u00a0\u00bbon|desktop\u00a0\u00bb transform_translate__hover_enabled=\u00a0\u00bbon|hover\u00a0\u00bb transform_rotate__hover_enabled=\u00a0\u00bbon|desktop\u00a0\u00bb transform_skew__hover_enabled=\u00a0\u00bbon|desktop\u00a0\u00bb transform_origin__hover_enabled=\u00a0\u00bbon|desktop\u00a0\u00bb][et_pb_column type=\u00a0\u00bb1_3&Prime; _builder_version=\u00a0\u00bb4.4.5&Prime; background_color=\u00a0\u00bb#ffffff\u00a0\u00bb transform_scale=\u00a0\u00bb93%|93%\u00a0\u00bb transform_translate_linked__hover=\u00a0\u00bboff\u00a0\u00bb custom_padding=\u00a0\u00bb20px|20px|20px|20px|true|true\u00a0\u00bb link_option_url=\u00a0\u00bbhttps:\/\/www.avant-pays-savoyard.com\/smaps\/project\/scot\/\u00a0\u00bb custom_css_main_element=\u00a0\u00bbheight : 160px;||align-items: center;||\u00a0\u00bb box_shadow_style=\u00a0\u00bbpreset1&Prime; box_shadow_blur=\u00a0\u00bb6px\u00a0\u00bb box_shadow_spread=\u00a0\u00bb-2px\u00a0\u00bb transform_styles__hover_enabled=\u00a0\u00bbon|hover\u00a0\u00bb transform_scale__hover_enabled=\u00a0\u00bbon|hover\u00a0\u00bb transform_translate__hover_enabled=\u00a0\u00bbon|desktop\u00a0\u00bb transform_rotate__hover_enabled=\u00a0\u00bbon|desktop\u00a0\u00bb transform_skew__hover_enabled=\u00a0\u00bbon|desktop\u00a0\u00bb transform_origin__hover_enabled=\u00a0\u00bbon|desktop\u00a0\u00bb transform_translate__hover=\u00a0\u00bb0px|-15px\u00a0\u00bb box_shadow_blur__hover_enabled=\u00a0\u00bbon|hover\u00a0\u00bb box_shadow_blur__hover=\u00a0\u00bb12px\u00a0\u00bb][et_pb_text _builder_version=\u00a0\u00bb4.4.5&Prime; text_font=\u00a0\u00bb||||||||\u00a0\u00bb text_font_size=\u00a0\u00bb18px\u00a0\u00bb custom_margin=\u00a0\u00bb20px||10px||false|false\u00a0\u00bb]\n<p style=\"text-align: center;\"><strong>SCOT<\/strong><\/p>\n[\/et_pb_text][et_pb_text _builder_version=\u00a0\u00bb4.4.5&Prime; text_text_color=\u00a0\u00bb#ABABAB\u00a0\u00bb custom_margin=\u00a0\u00bb-1px||-1px||true|false\u00a0\u00bb custom_padding=\u00a0\u00bb0px||0px||true|false\u00a0\u00bb]\n<p style=\"text-align: center;\">L&rsquo;\u00e9volution du territoire et de son urbanisme<\/p>\n[\/et_pb_text][\/et_pb_column][et_pb_column type=\u00a0\u00bb1_3&Prime; _builder_version=\u00a0\u00bb4.4.5&Prime; background_color=\u00a0\u00bb#ffffff\u00a0\u00bb transform_scale=\u00a0\u00bb93%|93%\u00a0\u00bb transform_translate_linked__hover=\u00a0\u00bboff\u00a0\u00bb custom_padding=\u00a0\u00bb20px|20px|20px|20px|true|true\u00a0\u00bb link_option_url=\u00a0\u00bbhttps:\/\/www.avant-pays-savoyard.com\/smaps\/project\/sig\/\u00a0\u00bb custom_css_main_element=\u00a0\u00bbheight : 160px;||align-items: center;||\u00a0\u00bb box_shadow_style=\u00a0\u00bbpreset1&Prime; box_shadow_blur=\u00a0\u00bb6px\u00a0\u00bb box_shadow_spread=\u00a0\u00bb-2px\u00a0\u00bb transform_styles__hover_enabled=\u00a0\u00bbon|hover\u00a0\u00bb transform_scale__hover_enabled=\u00a0\u00bbon|hover\u00a0\u00bb transform_translate__hover_enabled=\u00a0\u00bbon|desktop\u00a0\u00bb transform_rotate__hover_enabled=\u00a0\u00bbon|desktop\u00a0\u00bb transform_skew__hover_enabled=\u00a0\u00bbon|desktop\u00a0\u00bb transform_origin__hover_enabled=\u00a0\u00bbon|desktop\u00a0\u00bb transform_translate__hover=\u00a0\u00bb0px|-15px\u00a0\u00bb box_shadow_blur__hover_enabled=\u00a0\u00bbon|hover\u00a0\u00bb box_shadow_blur__hover=\u00a0\u00bb12px\u00a0\u00bb][et_pb_text _builder_version=\u00a0\u00bb4.4.5&Prime; text_font=\u00a0\u00bb||||||||\u00a0\u00bb text_font_size=\u00a0\u00bb18px\u00a0\u00bb custom_margin=\u00a0\u00bb20px||10px||false|false\u00a0\u00bb]\n<p style=\"text-align: center;\"><strong>SIG<\/strong><\/p>\n[\/et_pb_text][et_pb_text _builder_version=\u00a0\u00bb4.4.5&Prime; text_text_color=\u00a0\u00bb#ABABAB\u00a0\u00bb custom_margin=\u00a0\u00bb-1px||-1px||true|false\u00a0\u00bb custom_padding=\u00a0\u00bb0px||0px||true|false\u00a0\u00bb]\n<p style=\"text-align: center;\">Le suivi continu du SCOT<\/p>\n[\/et_pb_text][\/et_pb_column][et_pb_column type=\u00a0\u00bb1_3&Prime; _builder_version=\u00a0\u00bb4.4.5&Prime; background_color=\u00a0\u00bb#ffffff\u00a0\u00bb transform_scale=\u00a0\u00bb93%|93%\u00a0\u00bb transform_translate_linked__hover=\u00a0\u00bboff\u00a0\u00bb custom_padding=\u00a0\u00bb20px|20px|20px|20px|true|true\u00a0\u00bb link_option_url=\u00a0\u00bbhttps:\/\/www.avant-pays-savoyard.com\/smaps\/project\/mobilite\/\u00a0\u00bb custom_css_main_element=\u00a0\u00bbheight : 160px;||align-items: center;||\u00a0\u00bb box_shadow_style=\u00a0\u00bbpreset1&Prime; box_shadow_blur=\u00a0\u00bb6px\u00a0\u00bb box_shadow_spread=\u00a0\u00bb-2px\u00a0\u00bb transform_styles__hover_enabled=\u00a0\u00bbon|hover\u00a0\u00bb transform_scale__hover_enabled=\u00a0\u00bbon|hover\u00a0\u00bb transform_translate__hover_enabled=\u00a0\u00bbon|desktop\u00a0\u00bb transform_rotate__hover_enabled=\u00a0\u00bbon|desktop\u00a0\u00bb transform_skew__hover_enabled=\u00a0\u00bbon|desktop\u00a0\u00bb transform_origin__hover_enabled=\u00a0\u00bbon|desktop\u00a0\u00bb transform_translate__hover=\u00a0\u00bb0px|-15px\u00a0\u00bb box_shadow_blur__hover_enabled=\u00a0\u00bbon|hover\u00a0\u00bb box_shadow_blur__hover=\u00a0\u00bb12px\u00a0\u00bb][et_pb_text _builder_version=\u00a0\u00bb4.4.5&Prime; text_font=\u00a0\u00bb||||||||\u00a0\u00bb text_font_size=\u00a0\u00bb18px\u00a0\u00bb custom_margin=\u00a0\u00bb20px||10px||false|false\u00a0\u00bb]\n<p style=\"text-align: center;\"><b>Mobilit\u00e9<\/b><\/p>\n[\/et_pb_text][et_pb_text _builder_version=\u00a0\u00bb4.4.5&Prime; text_text_color=\u00a0\u00bb#ABABAB\u00a0\u00bb custom_margin=\u00a0\u00bb-1px||-1px||true|false\u00a0\u00bb custom_padding=\u00a0\u00bb0px||0px||true|false\u00a0\u00bb]\n<p style=\"text-align: center;\">Repenser et organiser l&rsquo;offre de d\u00e9placement<\/p>\n[\/et_pb_text][\/et_pb_column][\/et_pb_row][et_pb_row _builder_version=\u00a0\u00bb4.4.5&Prime;][et_pb_column type=\u00a0\u00bb4_4&Prime; _builder_version=\u00a0\u00bb4.4.5&Prime;][et_pb_text _builder_version=\u00a0\u00bb4.4.5&Prime; header_2_font=\u00a0\u00bb|700|||||||\u00a0\u00bb header_2_text_color=\u00a0\u00bb#010101&Prime;]\n<h2>Habitat<\/h2>\n[\/et_pb_text][\/et_pb_column][\/et_pb_row][et_pb_row column_structure=\u00a0\u00bb1_3,1_3,1_3&Prime; _builder_version=\u00a0\u00bb4.4.5&Prime; min_height=\u00a0\u00bb147px\u00a0\u00bb custom_margin=\u00a0\u00bb-36px|auto|0px|auto|false|false\u00a0\u00bb custom_padding=\u00a0\u00bb0px||0px||false|false\u00a0\u00bb transform_styles__hover_enabled=\u00a0\u00bbon|hover\u00a0\u00bb transform_scale__hover_enabled=\u00a0\u00bbon|desktop\u00a0\u00bb transform_translate__hover_enabled=\u00a0\u00bbon|hover\u00a0\u00bb transform_rotate__hover_enabled=\u00a0\u00bbon|desktop\u00a0\u00bb transform_skew__hover_enabled=\u00a0\u00bbon|desktop\u00a0\u00bb transform_origin__hover_enabled=\u00a0\u00bbon|desktop\u00a0\u00bb][et_pb_column type=\u00a0\u00bb1_3&Prime; _builder_version=\u00a0\u00bb4.4.5&Prime; background_color=\u00a0\u00bb#ffffff\u00a0\u00bb transform_scale=\u00a0\u00bb93%|93%\u00a0\u00bb transform_translate_linked__hover=\u00a0\u00bboff\u00a0\u00bb custom_padding=\u00a0\u00bb20px|20px|20px|20px|true|true\u00a0\u00bb link_option_url=\u00a0\u00bbhttps:\/\/www.avant-pays-savoyard.com\/smaps\/project\/etude-de-lhabitat\/\u00a0\u00bb custom_css_main_element=\u00a0\u00bbheight : 160px;||align-items: center;||\u00a0\u00bb box_shadow_style=\u00a0\u00bbpreset1&Prime; box_shadow_blur=\u00a0\u00bb6px\u00a0\u00bb box_shadow_spread=\u00a0\u00bb-2px\u00a0\u00bb transform_styles__hover_enabled=\u00a0\u00bbon|hover\u00a0\u00bb transform_scale__hover_enabled=\u00a0\u00bbon|hover\u00a0\u00bb transform_translate__hover_enabled=\u00a0\u00bbon|desktop\u00a0\u00bb transform_rotate__hover_enabled=\u00a0\u00bbon|desktop\u00a0\u00bb transform_skew__hover_enabled=\u00a0\u00bbon|desktop\u00a0\u00bb transform_origin__hover_enabled=\u00a0\u00bbon|desktop\u00a0\u00bb transform_translate__hover=\u00a0\u00bb0px|-15px\u00a0\u00bb box_shadow_blur__hover_enabled=\u00a0\u00bbon|hover\u00a0\u00bb box_shadow_blur__hover=\u00a0\u00bb12px\u00a0\u00bb][et_pb_text _builder_version=\u00a0\u00bb4.7.2&Prime; text_font=\u00a0\u00bb||||||||\u00a0\u00bb text_font_size=\u00a0\u00bb18px\u00a0\u00bb custom_margin=\u00a0\u00bb20px||10px||false|false\u00a0\u00bb]\n<p style=\"text-align: center;\"><strong>Etude Habitat<\/strong><\/p>\n[\/et_pb_text][et_pb_text _builder_version=\u00a0\u00bb4.4.5&Prime; text_text_color=\u00a0\u00bb#ABABAB\u00a0\u00bb custom_margin=\u00a0\u00bb-1px||-1px||true|false\u00a0\u00bb custom_padding=\u00a0\u00bb0px||0px||true|false\u00a0\u00bb]\n<p style=\"text-align: center;\">D\u00e9velopper l&rsquo;attractivit\u00e9 de l&rsquo;habitat sur le territoire<\/p>\n[\/et_pb_text][\/et_pb_column][et_pb_column type=\u00a0\u00bb1_3&Prime; _builder_version=\u00a0\u00bb4.4.5&Prime; background_color=\u00a0\u00bb#ffffff\u00a0\u00bb transform_scale=\u00a0\u00bb93%|93%\u00a0\u00bb transform_translate_linked__hover=\u00a0\u00bboff\u00a0\u00bb custom_padding=\u00a0\u00bb20px|20px|20px|20px|true|true\u00a0\u00bb link_option_url=\u00a0\u00bbhttps:\/\/www.avant-pays-savoyard.com\/smaps\/project\/opah\/\u00a0\u00bb custom_css_main_element=\u00a0\u00bbheight : 160px;||align-items: center;||\u00a0\u00bb box_shadow_style=\u00a0\u00bbpreset1&Prime; box_shadow_blur=\u00a0\u00bb6px\u00a0\u00bb box_shadow_spread=\u00a0\u00bb-2px\u00a0\u00bb transform_styles__hover_enabled=\u00a0\u00bbon|hover\u00a0\u00bb transform_scale__hover_enabled=\u00a0\u00bbon|hover\u00a0\u00bb transform_translate__hover_enabled=\u00a0\u00bbon|desktop\u00a0\u00bb transform_rotate__hover_enabled=\u00a0\u00bbon|desktop\u00a0\u00bb transform_skew__hover_enabled=\u00a0\u00bbon|desktop\u00a0\u00bb transform_origin__hover_enabled=\u00a0\u00bbon|desktop\u00a0\u00bb transform_translate__hover=\u00a0\u00bb0px|-15px\u00a0\u00bb box_shadow_blur__hover_enabled=\u00a0\u00bbon|hover\u00a0\u00bb box_shadow_blur__hover=\u00a0\u00bb12px\u00a0\u00bb][et_pb_text _builder_version=\u00a0\u00bb4.4.5&Prime; text_font=\u00a0\u00bb||||||||\u00a0\u00bb text_font_size=\u00a0\u00bb18px\u00a0\u00bb custom_margin=\u00a0\u00bb20px||10px||false|false\u00a0\u00bb]\n<p style=\"text-align: center;\"><strong>OPAH<\/strong><\/p>\n[\/et_pb_text][et_pb_text _builder_version=\u00a0\u00bb4.4.5&Prime; text_text_color=\u00a0\u00bb#ABABAB\u00a0\u00bb custom_margin=\u00a0\u00bb-1px||-1px||true|false\u00a0\u00bb custom_padding=\u00a0\u00bb0px||0px||true|false\u00a0\u00bb]\n<p style=\"text-align: center;\">Op\u00e9ration Programm\u00e9 d&rsquo;Am\u00e9lioration de l&rsquo;Habitat Avant Pays Savoyard<\/p>\n[\/et_pb_text][\/et_pb_column][et_pb_column type=\u00a0\u00bb1_3&Prime; _builder_version=\u00a0\u00bb4.4.5&Prime; background_color=\u00a0\u00bb#ffffff\u00a0\u00bb transform_scale=\u00a0\u00bb93%|93%\u00a0\u00bb transform_translate_linked__hover=\u00a0\u00bboff\u00a0\u00bb custom_padding=\u00a0\u00bb20px|20px|20px|20px|true|true\u00a0\u00bb link_option_url=\u00a0\u00bbhttps:\/\/www.avant-pays-savoyard.com\/smaps\/project\/slime\/\u00a0\u00bb custom_css_main_element=\u00a0\u00bbheight : 160px;||align-items: center;||\u00a0\u00bb box_shadow_style=\u00a0\u00bbpreset1&Prime; box_shadow_blur=\u00a0\u00bb6px\u00a0\u00bb box_shadow_spread=\u00a0\u00bb-2px\u00a0\u00bb transform_styles__hover_enabled=\u00a0\u00bbon|hover\u00a0\u00bb transform_scale__hover_enabled=\u00a0\u00bbon|hover\u00a0\u00bb transform_translate__hover_enabled=\u00a0\u00bbon|desktop\u00a0\u00bb transform_rotate__hover_enabled=\u00a0\u00bbon|desktop\u00a0\u00bb transform_skew__hover_enabled=\u00a0\u00bbon|desktop\u00a0\u00bb transform_origin__hover_enabled=\u00a0\u00bbon|desktop\u00a0\u00bb transform_translate__hover=\u00a0\u00bb0px|-15px\u00a0\u00bb box_shadow_blur__hover_enabled=\u00a0\u00bbon|hover\u00a0\u00bb box_shadow_blur__hover=\u00a0\u00bb12px\u00a0\u00bb][et_pb_text _builder_version=\u00a0\u00bb4.4.5&Prime; text_font=\u00a0\u00bb||||||||\u00a0\u00bb text_font_size=\u00a0\u00bb18px\u00a0\u00bb custom_margin=\u00a0\u00bb20px||10px||false|false\u00a0\u00bb]\n<p style=\"text-align: center;\"><b>SLIME<\/b><\/p>\n[\/et_pb_text][et_pb_text _builder_version=\u00a0\u00bb4.4.5&Prime; text_text_color=\u00a0\u00bb#ABABAB\u00a0\u00bb custom_margin=\u00a0\u00bb-1px||-1px||true|false\u00a0\u00bb custom_padding=\u00a0\u00bb0px||0px||true|false\u00a0\u00bb]\n<p style=\"text-align: center;\">Service Local d&rsquo;Intervention pour la Maitrise de l&rsquo;Energie Avant Pays Savoyard<\/p>\n[\/et_pb_text][\/et_pb_column][\/et_pb_row][\/et_pb_section]\n","protected":false},"excerpt":{"rendered":"<p>Ce domaine concerne l&rsquo;\u00e9laboration et la mise en oeuvre du SCOT (Sch\u00e9ma de Coh\u00e9rence Territoriale), l&rsquo;accompagnement des d\u00e9marches de planification et d&rsquo;urbanisme (PLU, habitat, zones d&rsquo;activit\u00e9s&#8230;), le suivi de la consommation du foncier, mais aussi d&rsquo;autres th\u00e9matiques telles que la mobilit\u00e9 avec la r\u00e9alisation d&rsquo;un sch\u00e9ma directeur cyclable. SCOTL&rsquo;\u00e9volution du territoire et de son urbanismeSIGLe [&hellip;]<\/p>\n","protected":false},"author":2,"featured_media":0,"parent":0,"menu_order":0,"comment_status":"closed","ping_status":"closed","template":"","meta":{"_et_pb_use_builder":"on","_et_pb_old_content":"","_et_gb_content_width":"","_monsterinsights_skip_tracking":false,"_monsterinsights_sitenote_active":false,"_monsterinsights_sitenote_note":"","_monsterinsights_sitenote_category":0,"footnotes":""},"class_list":["post-339","page","type-page","status-publish","hentry"],"yoast_head":"<!-- This site is optimized with the Yoast SEO plugin v27.5 - https:\/\/yoast.com\/product\/yoast-seo-wordpress\/ -->\n<title>Am\u00e9nagement du territoire | Avant Pays Savoyard<\/title>\n<meta name=\"description\" content=\"Am\u00e9nagement du territoire | Avant Pays Savoyard\" \/>\n<meta name=\"robots\" content=\"index, follow, max-snippet:-1, max-image-preview:large, max-video-preview:-1\" \/>\n<link rel=\"canonical\" href=\"https:\/\/www.avant-pays-savoyard.com\/smaps\/amenagement\/\" \/>\n<meta property=\"og:locale\" content=\"fr_FR\" \/>\n<meta property=\"og:type\" content=\"article\" \/>\n<meta property=\"og:title\" content=\"Am\u00e9nagement du territoire | Avant Pays Savoyard\" \/>\n<meta property=\"og:description\" content=\"Am\u00e9nagement du territoire | Avant Pays Savoyard\" \/>\n<meta property=\"og:url\" content=\"https:\/\/www.avant-pays-savoyard.com\/smaps\/amenagement\/\" \/>\n<meta property=\"og:site_name\" content=\"Syndicat Mixte Avant-Pays Savoyard\" \/>\n<meta property=\"article:publisher\" content=\"https:\/\/www.facebook.com\/philippe.smaps?eid=ARBa3pcAa8gXFS8WNK_PRvsO8QdGpgIOahlkYUZ_fHoQSowEaz5KpN0GqL0PUxNL0ZbTsFwcVmpWqAsm\" \/>\n<meta property=\"article:modified_time\" content=\"2020-11-24T16:27:18+00:00\" \/>\n<meta name=\"twitter:card\" content=\"summary_large_image\" \/>\n<meta name=\"twitter:label1\" content=\"Dur\u00e9e de lecture estim\u00e9e\" \/>\n\t<meta name=\"twitter:data1\" content=\"7 minutes\" \/>\n<script type=\"application\/ld+json\" class=\"yoast-schema-graph\">{\"@context\":\"https:\\\/\\\/schema.org\",\"@graph\":[{\"@type\":\"WebPage\",\"@id\":\"https:\\\/\\\/www.avant-pays-savoyard.com\\\/smaps\\\/amenagement\\\/\",\"url\":\"https:\\\/\\\/www.avant-pays-savoyard.com\\\/smaps\\\/amenagement\\\/\",\"name\":\"Am\u00e9nagement du territoire | Avant Pays Savoyard\",\"isPartOf\":{\"@id\":\"https:\\\/\\\/www.avant-pays-savoyard.com\\\/smaps\\\/#website\"},\"datePublished\":\"2020-05-14T13:16:24+00:00\",\"dateModified\":\"2020-11-24T16:27:18+00:00\",\"description\":\"Am\u00e9nagement du territoire | Avant Pays Savoyard\",\"breadcrumb\":{\"@id\":\"https:\\\/\\\/www.avant-pays-savoyard.com\\\/smaps\\\/amenagement\\\/#breadcrumb\"},\"inLanguage\":\"fr-FR\",\"potentialAction\":[{\"@type\":\"ReadAction\",\"target\":[\"https:\\\/\\\/www.avant-pays-savoyard.com\\\/smaps\\\/amenagement\\\/\"]}]},{\"@type\":\"BreadcrumbList\",\"@id\":\"https:\\\/\\\/www.avant-pays-savoyard.com\\\/smaps\\\/amenagement\\\/#breadcrumb\",\"itemListElement\":[{\"@type\":\"ListItem\",\"position\":1,\"name\":\"Accueil\",\"item\":\"https:\\\/\\\/www.avant-pays-savoyard.com\\\/smaps\\\/\"},{\"@type\":\"ListItem\",\"position\":2,\"name\":\"Am\u00e9nagement du territoire\"}]},{\"@type\":\"WebSite\",\"@id\":\"https:\\\/\\\/www.avant-pays-savoyard.com\\\/smaps\\\/#website\",\"url\":\"https:\\\/\\\/www.avant-pays-savoyard.com\\\/smaps\\\/\",\"name\":\"Syndicat Mixte Avant-Pays Savoyard\",\"description\":\"Site du SMAPS\",\"publisher\":{\"@id\":\"https:\\\/\\\/www.avant-pays-savoyard.com\\\/smaps\\\/#organization\"},\"potentialAction\":[{\"@type\":\"SearchAction\",\"target\":{\"@type\":\"EntryPoint\",\"urlTemplate\":\"https:\\\/\\\/www.avant-pays-savoyard.com\\\/smaps\\\/?s={search_term_string}\"},\"query-input\":{\"@type\":\"PropertyValueSpecification\",\"valueRequired\":true,\"valueName\":\"search_term_string\"}}],\"inLanguage\":\"fr-FR\"},{\"@type\":\"Organization\",\"@id\":\"https:\\\/\\\/www.avant-pays-savoyard.com\\\/smaps\\\/#organization\",\"name\":\"Avant Pays Savoyard\",\"url\":\"https:\\\/\\\/www.avant-pays-savoyard.com\\\/smaps\\\/\",\"logo\":{\"@type\":\"ImageObject\",\"inLanguage\":\"fr-FR\",\"@id\":\"https:\\\/\\\/www.avant-pays-savoyard.com\\\/smaps\\\/#\\\/schema\\\/logo\\\/image\\\/\",\"url\":\"https:\\\/\\\/www.avant-pays-savoyard.com\\\/smaps\\\/wp-content\\\/uploads\\\/2020\\\/11\\\/logo-smaps.png\",\"contentUrl\":\"https:\\\/\\\/www.avant-pays-savoyard.com\\\/smaps\\\/wp-content\\\/uploads\\\/2020\\\/11\\\/logo-smaps.png\",\"width\":1617,\"height\":738,\"caption\":\"Avant Pays Savoyard\"},\"image\":{\"@id\":\"https:\\\/\\\/www.avant-pays-savoyard.com\\\/smaps\\\/#\\\/schema\\\/logo\\\/image\\\/\"},\"sameAs\":[\"https:\\\/\\\/www.facebook.com\\\/philippe.smaps?eid=ARBa3pcAa8gXFS8WNK_PRvsO8QdGpgIOahlkYUZ_fHoQSowEaz5KpN0GqL0PUxNL0ZbTsFwcVmpWqAsm\"]}]}<\/script>\n<!-- \/ Yoast SEO plugin. -->","yoast_head_json":{"title":"Am\u00e9nagement du territoire | Avant Pays Savoyard","description":"Am\u00e9nagement du territoire | Avant Pays Savoyard","robots":{"index":"index","follow":"follow","max-snippet":"max-snippet:-1","max-image-preview":"max-image-preview:large","max-video-preview":"max-video-preview:-1"},"canonical":"https:\/\/www.avant-pays-savoyard.com\/smaps\/amenagement\/","og_locale":"fr_FR","og_type":"article","og_title":"Am\u00e9nagement du territoire | Avant Pays Savoyard","og_description":"Am\u00e9nagement du territoire | Avant Pays Savoyard","og_url":"https:\/\/www.avant-pays-savoyard.com\/smaps\/amenagement\/","og_site_name":"Syndicat Mixte Avant-Pays Savoyard","article_publisher":"https:\/\/www.facebook.com\/philippe.smaps?eid=ARBa3pcAa8gXFS8WNK_PRvsO8QdGpgIOahlkYUZ_fHoQSowEaz5KpN0GqL0PUxNL0ZbTsFwcVmpWqAsm","article_modified_time":"2020-11-24T16:27:18+00:00","twitter_card":"summary_large_image","twitter_misc":{"Dur\u00e9e de lecture estim\u00e9e":"7 minutes"},"schema":{"@context":"https:\/\/schema.org","@graph":[{"@type":"WebPage","@id":"https:\/\/www.avant-pays-savoyard.com\/smaps\/amenagement\/","url":"https:\/\/www.avant-pays-savoyard.com\/smaps\/amenagement\/","name":"Am\u00e9nagement du territoire | Avant Pays Savoyard","isPartOf":{"@id":"https:\/\/www.avant-pays-savoyard.com\/smaps\/#website"},"datePublished":"2020-05-14T13:16:24+00:00","dateModified":"2020-11-24T16:27:18+00:00","description":"Am\u00e9nagement du territoire | Avant Pays Savoyard","breadcrumb":{"@id":"https:\/\/www.avant-pays-savoyard.com\/smaps\/amenagement\/#breadcrumb"},"inLanguage":"fr-FR","potentialAction":[{"@type":"ReadAction","target":["https:\/\/www.avant-pays-savoyard.com\/smaps\/amenagement\/"]}]},{"@type":"BreadcrumbList","@id":"https:\/\/www.avant-pays-savoyard.com\/smaps\/amenagement\/#breadcrumb","itemListElement":[{"@type":"ListItem","position":1,"name":"Accueil","item":"https:\/\/www.avant-pays-savoyard.com\/smaps\/"},{"@type":"ListItem","position":2,"name":"Am\u00e9nagement du territoire"}]},{"@type":"WebSite","@id":"https:\/\/www.avant-pays-savoyard.com\/smaps\/#website","url":"https:\/\/www.avant-pays-savoyard.com\/smaps\/","name":"Syndicat Mixte Avant-Pays Savoyard","description":"Site du SMAPS","publisher":{"@id":"https:\/\/www.avant-pays-savoyard.com\/smaps\/#organization"},"potentialAction":[{"@type":"SearchAction","target":{"@type":"EntryPoint","urlTemplate":"https:\/\/www.avant-pays-savoyard.com\/smaps\/?s={search_term_string}"},"query-input":{"@type":"PropertyValueSpecification","valueRequired":true,"valueName":"search_term_string"}}],"inLanguage":"fr-FR"},{"@type":"Organization","@id":"https:\/\/www.avant-pays-savoyard.com\/smaps\/#organization","name":"Avant Pays Savoyard","url":"https:\/\/www.avant-pays-savoyard.com\/smaps\/","logo":{"@type":"ImageObject","inLanguage":"fr-FR","@id":"https:\/\/www.avant-pays-savoyard.com\/smaps\/#\/schema\/logo\/image\/","url":"https:\/\/www.avant-pays-savoyard.com\/smaps\/wp-content\/uploads\/2020\/11\/logo-smaps.png","contentUrl":"https:\/\/www.avant-pays-savoyard.com\/smaps\/wp-content\/uploads\/2020\/11\/logo-smaps.png","width":1617,"height":738,"caption":"Avant Pays Savoyard"},"image":{"@id":"https:\/\/www.avant-pays-savoyard.com\/smaps\/#\/schema\/logo\/image\/"},"sameAs":["https:\/\/www.facebook.com\/philippe.smaps?eid=ARBa3pcAa8gXFS8WNK_PRvsO8QdGpgIOahlkYUZ_fHoQSowEaz5KpN0GqL0PUxNL0ZbTsFwcVmpWqAsm"]}]}},"publishpress_future_action":{"enabled":false,"date":"2026-05-07 23:39:57","action":"change-status","newStatus":"draft","terms":[],"taxonomy":"","extraData":[]},"publishpress_future_workflow_manual_trigger":{"enabledWorkflows":[]},"_links":{"self":[{"href":"https:\/\/www.avant-pays-savoyard.com\/smaps\/wp-json\/wp\/v2\/pages\/339","targetHints":{"allow":["GET"]}}],"collection":[{"href":"https:\/\/www.avant-pays-savoyard.com\/smaps\/wp-json\/wp\/v2\/pages"}],"about":[{"href":"https:\/\/www.avant-pays-savoyard.com\/smaps\/wp-json\/wp\/v2\/types\/page"}],"author":[{"embeddable":true,"href":"https:\/\/www.avant-pays-savoyard.com\/smaps\/wp-json\/wp\/v2\/users\/2"}],"replies":[{"embeddable":true,"href":"https:\/\/www.avant-pays-savoyard.com\/smaps\/wp-json\/wp\/v2\/comments?post=339"}],"version-history":[{"count":14,"href":"https:\/\/www.avant-pays-savoyard.com\/smaps\/wp-json\/wp\/v2\/pages\/339\/revisions"}],"predecessor-version":[{"id":2881,"href":"https:\/\/www.avant-pays-savoyard.com\/smaps\/wp-json\/wp\/v2\/pages\/339\/revisions\/2881"}],"wp:attachment":[{"href":"https:\/\/www.avant-pays-savoyard.com\/smaps\/wp-json\/wp\/v2\/media?parent=339"}],"curies":[{"name":"wp","href":"https:\/\/api.w.org\/{rel}","templated":true}]}}